{"id":1128,"date":"2025-09-21T15:44:01","date_gmt":"2025-09-21T12:44:01","guid":{"rendered":"https:\/\/coldbet.shop\/de\/?post_type=product&#038;p=1128"},"modified":"2025-10-15T03:18:31","modified_gmt":"2025-10-15T00:18:31","slug":"teens-sweatshirt","status":"publish","type":"product","link":"https:\/\/coldbet.shop\/de\/product\/teens-sweatshirt\/","title":{"rendered":"Sweatshirt f\u00fcr Teenager"},"content":{"rendered":"<p>Slazenger Fleece-Pullover f\u00fcr Herren Der Slazenger SL Fleece-Pullover f\u00fcr Herren ist perfekt f\u00fcr den Alltag geeignet. Er verf\u00fcgt \u00fcber ein weiches Fleecefutter mit gerippten B\u00fcndchen am Rundhalsausschnitt, an den \u00c4rmelb\u00fcndchen und am Saum f\u00fcr eine bequeme Passform. Das Slazenger-Logo ist auf die Brust gestickt und rundet das Sweatshirt ab. 65 % Polyester, 35 % Baumwolle<\/p>\n","protected":false},"excerpt":{"rendered":"<p>Slazenger Fleece-Pullover f\u00fcr Herren Der Slazenger SL Fleece-Pullover f\u00fcr Herren ist perfekt f\u00fcr den Alltag geeignet. Er verf\u00fcgt \u00fcber ein weiches Fleecefutter mit gerippten B\u00fcndchen am Rundhalsausschnitt, an den \u00c4rmelb\u00fcndchen und am Saum f\u00fcr eine bequeme Passform. Das Slazenger-Logo ist auf die Brust gestickt und rundet das Sweatshirt ab. 65 % Polyester, 35 % Baumwolle<\/p>\n","protected":false},"featured_media":1078,"template":"","meta":[],"product_brand":[],"product_cat":[15,322],"product_tag":[],"class_list":{"0":"post-1128","1":"product","2":"type-product","3":"status-publish","4":"has-post-thumbnail","6":"product_cat-t-shirts","7":"product_cat-sweatshirts","9":"first","10":"instock","11":"shipping-taxable","12":"purchasable","13":"product-type-variable","14":"has-default-attributes"},"yoast_head":"<!-- This site is optimized with the Yoast SEO plugin v25.7 - https:\/\/yoast.com\/wordpress\/plugins\/seo\/ -->\n<title>Sweatshirt f\u00fcr Teenager - Coldbet DE<\/title>\n<meta name=\"robots\" content=\"index, follow, max-snippet:-1, max-image-preview:large, max-video-preview:-1\" \/>\n<link rel=\"canonical\" href=\"https:\/\/coldbet.shop\/de\/product\/teens-sweatshirt\/\" \/>\n<meta property=\"og:locale\" content=\"de_DE\" \/>\n<meta property=\"og:type\" content=\"article\" \/>\n<meta property=\"og:title\" content=\"Sweatshirt f\u00fcr Teenager - Coldbet DE\" \/>\n<meta property=\"og:description\" content=\"Slazenger Fleece-Pullover f\u00fcr Herren Der Slazenger SL Fleece-Pullover f\u00fcr Herren ist perfekt f\u00fcr den Alltag geeignet. Er verf\u00fcgt \u00fcber ein weiches Fleecefutter mit gerippten B\u00fcndchen am Rundhalsausschnitt, an den \u00c4rmelb\u00fcndchen und am Saum f\u00fcr eine bequeme Passform. Das Slazenger-Logo ist auf die Brust gestickt und rundet das Sweatshirt ab. 65 % Polyester, 35 % Baumwolle\" \/>\n<meta property=\"og:url\" content=\"https:\/\/coldbet.shop\/de\/product\/teens-sweatshirt\/\" \/>\n<meta property=\"og:site_name\" content=\"Coldbet DE\" \/>\n<meta property=\"article:modified_time\" content=\"2025-10-15T00:18:31+00:00\" \/>\n<meta property=\"og:image\" content=\"https:\/\/coldbet.shop\/de\/wp-content\/uploads\/sites\/9\/item-3.jpg\" \/>\n\t<meta property=\"og:image:width\" content=\"530\" \/>\n\t<meta property=\"og:image:height\" content=\"530\" \/>\n\t<meta property=\"og:image:type\" content=\"image\/jpeg\" \/>\n<meta name=\"twitter:card\" content=\"summary_large_image\" \/>\n<meta name=\"twitter:label1\" content=\"Gesch\u00e4tzte Lesezeit\" \/>\n\t<meta name=\"twitter:data1\" content=\"1\u00a0Minute\" \/>\n<script type=\"application\/ld+json\" class=\"yoast-schema-graph\">{\"@context\":\"https:\/\/schema.org\",\"@graph\":[{\"@type\":\"WebPage\",\"@id\":\"https:\/\/coldbet.shop\/de\/product\/teens-sweatshirt\/\",\"url\":\"https:\/\/coldbet.shop\/de\/product\/teens-sweatshirt\/\",\"name\":\"Sweatshirt f\u00fcr Teenager - Coldbet DE\",\"isPartOf\":{\"@id\":\"https:\/\/coldbet.shop\/de\/#website\"},\"primaryImageOfPage\":{\"@id\":\"https:\/\/coldbet.shop\/de\/product\/teens-sweatshirt\/#primaryimage\"},\"image\":{\"@id\":\"https:\/\/coldbet.shop\/de\/product\/teens-sweatshirt\/#primaryimage\"},\"thumbnailUrl\":\"https:\/\/coldbet.shop\/de\/wp-content\/uploads\/sites\/9\/item-3.jpg\",\"datePublished\":\"2025-09-21T12:44:01+00:00\",\"dateModified\":\"2025-10-15T00:18:31+00:00\",\"breadcrumb\":{\"@id\":\"https:\/\/coldbet.shop\/de\/product\/teens-sweatshirt\/#breadcrumb\"},\"inLanguage\":\"de\",\"potentialAction\":[{\"@type\":\"ReadAction\",\"target\":[\"https:\/\/coldbet.shop\/de\/product\/teens-sweatshirt\/\"]}]},{\"@type\":\"ImageObject\",\"inLanguage\":\"de\",\"@id\":\"https:\/\/coldbet.shop\/de\/product\/teens-sweatshirt\/#primaryimage\",\"url\":\"https:\/\/coldbet.shop\/de\/wp-content\/uploads\/sites\/9\/item-3.jpg\",\"contentUrl\":\"https:\/\/coldbet.shop\/de\/wp-content\/uploads\/sites\/9\/item-3.jpg\",\"width\":530,\"height\":530},{\"@type\":\"BreadcrumbList\",\"@id\":\"https:\/\/coldbet.shop\/de\/product\/teens-sweatshirt\/#breadcrumb\",\"itemListElement\":[{\"@type\":\"ListItem\",\"position\":1,\"name\":\"Startseite\",\"item\":\"https:\/\/coldbet.shop\/de\/\"},{\"@type\":\"ListItem\",\"position\":2,\"name\":\"Gesch\u00e4ft\",\"item\":\"https:\/\/coldbet.shop\/de\/shop\/\"},{\"@type\":\"ListItem\",\"position\":3,\"name\":\"T-shirts\",\"item\":\"https:\/\/coldbet.shop\/de\/shop\/t-shirts\/\"},{\"@type\":\"ListItem\",\"position\":4,\"name\":\"Sweatshirt f\u00fcr Teenager\"}]},{\"@type\":\"WebSite\",\"@id\":\"https:\/\/coldbet.shop\/de\/#website\",\"url\":\"https:\/\/coldbet.shop\/de\/\",\"name\":\"Coldbet DE\",\"description\":\"\",\"potentialAction\":[{\"@type\":\"SearchAction\",\"target\":{\"@type\":\"EntryPoint\",\"urlTemplate\":\"https:\/\/coldbet.shop\/de\/?s={search_term_string}\"},\"query-input\":{\"@type\":\"PropertyValueSpecification\",\"valueRequired\":true,\"valueName\":\"search_term_string\"}}],\"inLanguage\":\"de\"}]}<\/script>\n<!-- \/ Yoast SEO plugin. -->","yoast_head_json":{"title":"Sweatshirt f\u00fcr Teenager - Coldbet DE","robots":{"index":"index","follow":"follow","max-snippet":"max-snippet:-1","max-image-preview":"max-image-preview:large","max-video-preview":"max-video-preview:-1"},"canonical":"https:\/\/coldbet.shop\/de\/product\/teens-sweatshirt\/","og_locale":"de_DE","og_type":"article","og_title":"Sweatshirt f\u00fcr Teenager - Coldbet DE","og_description":"Slazenger Fleece-Pullover f\u00fcr Herren Der Slazenger SL Fleece-Pullover f\u00fcr Herren ist perfekt f\u00fcr den Alltag geeignet. Er verf\u00fcgt \u00fcber ein weiches Fleecefutter mit gerippten B\u00fcndchen am Rundhalsausschnitt, an den \u00c4rmelb\u00fcndchen und am Saum f\u00fcr eine bequeme Passform. Das Slazenger-Logo ist auf die Brust gestickt und rundet das Sweatshirt ab. 65 % Polyester, 35 % Baumwolle","og_url":"https:\/\/coldbet.shop\/de\/product\/teens-sweatshirt\/","og_site_name":"Coldbet DE","article_modified_time":"2025-10-15T00:18:31+00:00","og_image":[{"width":530,"height":530,"url":"https:\/\/coldbet.shop\/de\/wp-content\/uploads\/sites\/9\/item-3.jpg","type":"image\/jpeg"}],"twitter_card":"summary_large_image","twitter_misc":{"Gesch\u00e4tzte Lesezeit":"1\u00a0Minute"},"schema":{"@context":"https:\/\/schema.org","@graph":[{"@type":"WebPage","@id":"https:\/\/coldbet.shop\/de\/product\/teens-sweatshirt\/","url":"https:\/\/coldbet.shop\/de\/product\/teens-sweatshirt\/","name":"Sweatshirt f\u00fcr Teenager - Coldbet DE","isPartOf":{"@id":"https:\/\/coldbet.shop\/de\/#website"},"primaryImageOfPage":{"@id":"https:\/\/coldbet.shop\/de\/product\/teens-sweatshirt\/#primaryimage"},"image":{"@id":"https:\/\/coldbet.shop\/de\/product\/teens-sweatshirt\/#primaryimage"},"thumbnailUrl":"https:\/\/coldbet.shop\/de\/wp-content\/uploads\/sites\/9\/item-3.jpg","datePublished":"2025-09-21T12:44:01+00:00","dateModified":"2025-10-15T00:18:31+00:00","breadcrumb":{"@id":"https:\/\/coldbet.shop\/de\/product\/teens-sweatshirt\/#breadcrumb"},"inLanguage":"de","potentialAction":[{"@type":"ReadAction","target":["https:\/\/coldbet.shop\/de\/product\/teens-sweatshirt\/"]}]},{"@type":"ImageObject","inLanguage":"de","@id":"https:\/\/coldbet.shop\/de\/product\/teens-sweatshirt\/#primaryimage","url":"https:\/\/coldbet.shop\/de\/wp-content\/uploads\/sites\/9\/item-3.jpg","contentUrl":"https:\/\/coldbet.shop\/de\/wp-content\/uploads\/sites\/9\/item-3.jpg","width":530,"height":530},{"@type":"BreadcrumbList","@id":"https:\/\/coldbet.shop\/de\/product\/teens-sweatshirt\/#breadcrumb","itemListElement":[{"@type":"ListItem","position":1,"name":"Startseite","item":"https:\/\/coldbet.shop\/de\/"},{"@type":"ListItem","position":2,"name":"Gesch\u00e4ft","item":"https:\/\/coldbet.shop\/de\/shop\/"},{"@type":"ListItem","position":3,"name":"T-shirts","item":"https:\/\/coldbet.shop\/de\/shop\/t-shirts\/"},{"@type":"ListItem","position":4,"name":"Sweatshirt f\u00fcr Teenager"}]},{"@type":"WebSite","@id":"https:\/\/coldbet.shop\/de\/#website","url":"https:\/\/coldbet.shop\/de\/","name":"Coldbet DE","description":"","potentialAction":[{"@type":"SearchAction","target":{"@type":"EntryPoint","urlTemplate":"https:\/\/coldbet.shop\/de\/?s={search_term_string}"},"query-input":{"@type":"PropertyValueSpecification","valueRequired":true,"valueName":"search_term_string"}}],"inLanguage":"de"}]}},"_links":{"self":[{"href":"https:\/\/coldbet.shop\/de\/wp-json\/wp\/v2\/product\/1128","targetHints":{"allow":["GET"]}}],"collection":[{"href":"https:\/\/coldbet.shop\/de\/wp-json\/wp\/v2\/product"}],"about":[{"href":"https:\/\/coldbet.shop\/de\/wp-json\/wp\/v2\/types\/product"}],"wp:featuredmedia":[{"embeddable":true,"href":"https:\/\/coldbet.shop\/de\/wp-json\/wp\/v2\/media\/1078"}],"wp:attachment":[{"href":"https:\/\/coldbet.shop\/de\/wp-json\/wp\/v2\/media?parent=1128"}],"wp:term":[{"taxonomy":"product_brand","embeddable":true,"href":"https:\/\/coldbet.shop\/de\/wp-json\/wp\/v2\/product_brand?post=1128"},{"taxonomy":"product_cat","embeddable":true,"href":"https:\/\/coldbet.shop\/de\/wp-json\/wp\/v2\/product_cat?post=1128"},{"taxonomy":"product_tag","embeddable":true,"href":"https:\/\/coldbet.shop\/de\/wp-json\/wp\/v2\/product_tag?post=1128"}],"curies":[{"name":"wp","href":"https:\/\/api.w.org\/{rel}","templated":true}]}}