{"id":1206,"date":"2025-08-14T13:57:13","date_gmt":"2025-08-14T10:57:13","guid":{"rendered":"https:\/\/coldbet.shop\/es\/?page_id=1206"},"modified":"2025-08-21T15:42:34","modified_gmt":"2025-08-21T12:42:34","slug":"payment","status":"publish","type":"page","link":"https:\/\/coldbet.shop\/es\/payment\/","title":{"rendered":"Pago"},"content":{"rendered":"\n<h1 class=\"wp-block-heading has-text-align-left\">Pago<\/h1>\n\n\n\n<div class=\"wp-block-group page-content\"><div class=\"wp-block-group__inner-container is-layout-constrained wp-block-group-is-layout-constrained\">\n<p>Por lo tanto, el inicio del trabajo diario en la formaci\u00f3n de una posici\u00f3n contribuye a la preparaci\u00f3n y la implementaci\u00f3n del modelo de desarrollo. Las consideraciones ideol\u00f3gicas de orden superior, as\u00ed como la implementaci\u00f3n de las tareas planificadas, contribuyen a la preparaci\u00f3n y la implementaci\u00f3n de las direcciones del desarrollo progresivo. Por lo tanto, la consulta con un amplio conjunto de activos desempe\u00f1a un papel importante en la formaci\u00f3n de condiciones financieras y administrativas significativas. La experiencia diversa y rica, el crecimiento cuantitativo constante y el alcance de nuestra actividad garantizan que un amplio c\u00edrculo (de especialistas) participe en la formaci\u00f3n de las condiciones correspondientes para la activaci\u00f3n. La tarea de la organizaci\u00f3n, en particular la consulta con un amplio grupo de expertos, garantiza que un amplio c\u00edrculo (de especialistas) participe en la formaci\u00f3n de nuevas propuestas. Del mismo modo, la estructura establecida de la organizaci\u00f3n es un experimento interesante para poner a prueba el sistema de formaci\u00f3n del personal y satisface necesidades urgentes. Las consideraciones ideol\u00f3gicas de orden superior, as\u00ed como la consulta con un amplio activo, contribuyen a la preparaci\u00f3n y aplicaci\u00f3n de las condiciones correspondientes para la activaci\u00f3n.<\/p>\n\n\n\n<blockquote class=\"wp-block-quote is-layout-flow wp-block-quote-is-layout-flow\">\n<p>Por lo tanto, el inicio del trabajo diario en la formaci\u00f3n de una posici\u00f3n contribuye a la preparaci\u00f3n y la implementaci\u00f3n del modelo de desarrollo. Las consideraciones ideol\u00f3gicas de orden superior, as\u00ed como la implementaci\u00f3n de las tareas planificadas, contribuyen a la preparaci\u00f3n y la implementaci\u00f3n de las direcciones del desarrollo progresivo. Por lo tanto, la consulta con un amplio conjunto de activos desempe\u00f1a un papel importante en la formaci\u00f3n de condiciones financieras y administrativas significativas. La experiencia diversa y rica, el crecimiento cuantitativo constante y el alcance de nuestra actividad garantizan que un amplio c\u00edrculo (de especialistas) participe en la formaci\u00f3n de las condiciones correspondientes para la activaci\u00f3n. La tarea de la organizaci\u00f3n, en particular la consulta con un amplio grupo de expertos, garantiza que un amplio c\u00edrculo (de especialistas) participe en la formaci\u00f3n de nuevas propuestas. Del mismo modo, la estructura establecida de la organizaci\u00f3n es un experimento interesante para poner a prueba el sistema de formaci\u00f3n del personal y satisface necesidades urgentes. Las consideraciones ideol\u00f3gicas de orden superior, as\u00ed como la consulta con un amplio activo, contribuyen a la preparaci\u00f3n y aplicaci\u00f3n de las condiciones correspondientes para la activaci\u00f3n.<\/p>\n<\/blockquote>\n\n\n\n<ol class=\"wp-block-list\">\n<li>Player 1 makes a 5 \u20ac stake and wins 2 500 \u20ac. Player 1&#8217;s ratio is 500. So, Player 1 will get 500 tournament points (2.500\/5).<\/li>\n\n\n\n<li>Player 2 makes a 7 \u20ac stake and wins 140 \u20ac. Player 2&#8217;s ratio is 20. So, Player 2 will get 20 tournament points (140\/7).<\/li>\n<\/ol>\n<\/div><\/div>\n","protected":false},"excerpt":{"rendered":"<p>Pago Por lo tanto, el inicio del trabajo diario en la formaci\u00f3n de una posici\u00f3n contribuye a la preparaci\u00f3n y la implementaci\u00f3n del modelo de desarrollo. Las consideraciones ideol\u00f3gicas de orden superior, as\u00ed como la implementaci\u00f3n de las tareas planificadas, contribuyen a la preparaci\u00f3n y la implementaci\u00f3n de las direcciones del desarrollo progresivo. Por lo [&hellip;]<\/p>\n","protected":false},"author":1,"featured_media":0,"parent":0,"menu_order":0,"comment_status":"closed","ping_status":"closed","template":"","meta":{"footnotes":""},"class_list":["post-1206","page","type-page","status-publish","hentry"],"yoast_head":"<!-- This site is optimized with the Yoast SEO plugin v25.7 - https:\/\/yoast.com\/wordpress\/plugins\/seo\/ -->\n<title>Pago - Coldbet ES<\/title>\n<meta name=\"robots\" content=\"index, follow, max-snippet:-1, max-image-preview:large, max-video-preview:-1\" \/>\n<link rel=\"canonical\" href=\"https:\/\/coldbet.shop\/es\/payment\/\" \/>\n<meta property=\"og:locale\" content=\"es_ES\" \/>\n<meta property=\"og:type\" content=\"article\" \/>\n<meta property=\"og:title\" content=\"Pago - Coldbet ES\" \/>\n<meta property=\"og:description\" content=\"Pago Por lo tanto, el inicio del trabajo diario en la formaci\u00f3n de una posici\u00f3n contribuye a la preparaci\u00f3n y la implementaci\u00f3n del modelo de desarrollo. Las consideraciones ideol\u00f3gicas de orden superior, as\u00ed como la implementaci\u00f3n de las tareas planificadas, contribuyen a la preparaci\u00f3n y la implementaci\u00f3n de las direcciones del desarrollo progresivo. Por lo [&hellip;]\" \/>\n<meta property=\"og:url\" content=\"https:\/\/coldbet.shop\/es\/payment\/\" \/>\n<meta property=\"og:site_name\" content=\"Coldbet ES\" \/>\n<meta property=\"article:modified_time\" content=\"2025-08-21T12:42:34+00:00\" \/>\n<meta name=\"twitter:card\" content=\"summary_large_image\" \/>\n<meta name=\"twitter:label1\" content=\"Tiempo de lectura\" \/>\n\t<meta name=\"twitter:data1\" content=\"2 minutos\" \/>\n<script type=\"application\/ld+json\" class=\"yoast-schema-graph\">{\"@context\":\"https:\/\/schema.org\",\"@graph\":[{\"@type\":\"WebPage\",\"@id\":\"https:\/\/coldbet.shop\/es\/payment\/\",\"url\":\"https:\/\/coldbet.shop\/es\/payment\/\",\"name\":\"Pago - Coldbet ES\",\"isPartOf\":{\"@id\":\"https:\/\/coldbet.shop\/es\/#website\"},\"datePublished\":\"2025-08-14T10:57:13+00:00\",\"dateModified\":\"2025-08-21T12:42:34+00:00\",\"breadcrumb\":{\"@id\":\"https:\/\/coldbet.shop\/es\/payment\/#breadcrumb\"},\"inLanguage\":\"es\",\"potentialAction\":[{\"@type\":\"ReadAction\",\"target\":[\"https:\/\/coldbet.shop\/es\/payment\/\"]}]},{\"@type\":\"BreadcrumbList\",\"@id\":\"https:\/\/coldbet.shop\/es\/payment\/#breadcrumb\",\"itemListElement\":[{\"@type\":\"ListItem\",\"position\":1,\"name\":\"Inicio\",\"item\":\"https:\/\/coldbet.shop\/es\/\"},{\"@type\":\"ListItem\",\"position\":2,\"name\":\"Pago\"}]},{\"@type\":\"WebSite\",\"@id\":\"https:\/\/coldbet.shop\/es\/#website\",\"url\":\"https:\/\/coldbet.shop\/es\/\",\"name\":\"Coldbet ES\",\"description\":\"\",\"potentialAction\":[{\"@type\":\"SearchAction\",\"target\":{\"@type\":\"EntryPoint\",\"urlTemplate\":\"https:\/\/coldbet.shop\/es\/?s={search_term_string}\"},\"query-input\":{\"@type\":\"PropertyValueSpecification\",\"valueRequired\":true,\"valueName\":\"search_term_string\"}}],\"inLanguage\":\"es\"}]}<\/script>\n<!-- \/ Yoast SEO plugin. -->","yoast_head_json":{"title":"Pago - Coldbet ES","robots":{"index":"index","follow":"follow","max-snippet":"max-snippet:-1","max-image-preview":"max-image-preview:large","max-video-preview":"max-video-preview:-1"},"canonical":"https:\/\/coldbet.shop\/es\/payment\/","og_locale":"es_ES","og_type":"article","og_title":"Pago - Coldbet ES","og_description":"Pago Por lo tanto, el inicio del trabajo diario en la formaci\u00f3n de una posici\u00f3n contribuye a la preparaci\u00f3n y la implementaci\u00f3n del modelo de desarrollo. Las consideraciones ideol\u00f3gicas de orden superior, as\u00ed como la implementaci\u00f3n de las tareas planificadas, contribuyen a la preparaci\u00f3n y la implementaci\u00f3n de las direcciones del desarrollo progresivo. Por lo [&hellip;]","og_url":"https:\/\/coldbet.shop\/es\/payment\/","og_site_name":"Coldbet ES","article_modified_time":"2025-08-21T12:42:34+00:00","twitter_card":"summary_large_image","twitter_misc":{"Tiempo de lectura":"2 minutos"},"schema":{"@context":"https:\/\/schema.org","@graph":[{"@type":"WebPage","@id":"https:\/\/coldbet.shop\/es\/payment\/","url":"https:\/\/coldbet.shop\/es\/payment\/","name":"Pago - Coldbet ES","isPartOf":{"@id":"https:\/\/coldbet.shop\/es\/#website"},"datePublished":"2025-08-14T10:57:13+00:00","dateModified":"2025-08-21T12:42:34+00:00","breadcrumb":{"@id":"https:\/\/coldbet.shop\/es\/payment\/#breadcrumb"},"inLanguage":"es","potentialAction":[{"@type":"ReadAction","target":["https:\/\/coldbet.shop\/es\/payment\/"]}]},{"@type":"BreadcrumbList","@id":"https:\/\/coldbet.shop\/es\/payment\/#breadcrumb","itemListElement":[{"@type":"ListItem","position":1,"name":"Inicio","item":"https:\/\/coldbet.shop\/es\/"},{"@type":"ListItem","position":2,"name":"Pago"}]},{"@type":"WebSite","@id":"https:\/\/coldbet.shop\/es\/#website","url":"https:\/\/coldbet.shop\/es\/","name":"Coldbet ES","description":"","potentialAction":[{"@type":"SearchAction","target":{"@type":"EntryPoint","urlTemplate":"https:\/\/coldbet.shop\/es\/?s={search_term_string}"},"query-input":{"@type":"PropertyValueSpecification","valueRequired":true,"valueName":"search_term_string"}}],"inLanguage":"es"}]}},"_links":{"self":[{"href":"https:\/\/coldbet.shop\/es\/wp-json\/wp\/v2\/pages\/1206","targetHints":{"allow":["GET"]}}],"collection":[{"href":"https:\/\/coldbet.shop\/es\/wp-json\/wp\/v2\/pages"}],"about":[{"href":"https:\/\/coldbet.shop\/es\/wp-json\/wp\/v2\/types\/page"}],"author":[{"embeddable":true,"href":"https:\/\/coldbet.shop\/es\/wp-json\/wp\/v2\/users\/1"}],"replies":[{"embeddable":true,"href":"https:\/\/coldbet.shop\/es\/wp-json\/wp\/v2\/comments?post=1206"}],"version-history":[{"count":9,"href":"https:\/\/coldbet.shop\/es\/wp-json\/wp\/v2\/pages\/1206\/revisions"}],"predecessor-version":[{"id":1240,"href":"https:\/\/coldbet.shop\/es\/wp-json\/wp\/v2\/pages\/1206\/revisions\/1240"}],"wp:attachment":[{"href":"https:\/\/coldbet.shop\/es\/wp-json\/wp\/v2\/media?parent=1206"}],"curies":[{"name":"wp","href":"https:\/\/api.w.org\/{rel}","templated":true}]}}