{"id":2,"date":"2022-10-25T16:42:43","date_gmt":"2022-10-25T13:42:43","guid":{"rendered":"https:\/\/coldbet.shop\/es\/?page_id=2"},"modified":"2025-10-15T16:12:04","modified_gmt":"2025-10-15T13:12:04","slug":"home","status":"publish","type":"page","link":"https:\/\/coldbet.shop\/es\/","title":{"rendered":"Inicio"},"content":{"rendered":"\n<h1 class=\"wp-block-heading has-text-align-center\">Todos los productos<\/h1>\n\n\n<div class=\"woocommerce columns-3 \"><p class=\"woocommerce-result-count\" role=\"alert\" aria-relevant=\"all\" >\n\t<span class=\"br_product_result_count\" style=\"display: none;\" data-text=\"Mostrando los 4 resultados\" data-start=\"1\" data-end=\"4\" data-laststart=1 data-lastend=4><\/span>Mostrando los 4 resultados<\/p>\n<form class=\"woocommerce-ordering\" method=\"get\">\n\t\t<select\n\t\tname=\"orderby\"\n\t\tclass=\"orderby\"\n\t\t\t\t\taria-label=\"Pedido de la tienda\"\n\t\t\t>\n\t\t\t\t\t<option value=\"menu_order\"  selected='selected'>Orden predeterminado<\/option>\n\t\t\t\t\t<option value=\"popularity\" >Ordenar por popularidad<\/option>\n\t\t\t\t\t<option value=\"date\" >Ordenar por los \u00faltimos<\/option>\n\t\t\t\t\t<option value=\"price\" >Ordenar por precio: bajo a alto<\/option>\n\t\t\t\t\t<option value=\"price-desc\" >Ordenar por precio: alto a bajo<\/option>\n\t\t\t<\/select>\n\t<input type=\"hidden\" name=\"paged\" value=\"1\" \/>\n\t<\/form>\n<ul class=\"products columns-3\">\n<li class=\"product type-product post-1093 status-publish first outofstock product_cat-hoodie product_cat-longsleeve product_cat-sweatshirts has-post-thumbnail shipping-taxable purchasable product-type-variable has-default-attributes\">\n\t<a href=\"https:\/\/coldbet.shop\/es\/product\/fleece-crew-sweater\/\" class=\"woocommerce-LoopProduct-link woocommerce-loop-product__link\"><img loading=\"lazy\" decoding=\"async\" width=\"300\" height=\"300\" src=\"https:\/\/coldbet.shop\/es\/wp-content\/uploads\/sites\/8\/item-1-3-300x300.jpg\" class=\"attachment-woocommerce_thumbnail size-woocommerce_thumbnail\" alt=\"Jersey de cuello redondo\" srcset=\"https:\/\/coldbet.shop\/es\/wp-content\/uploads\/sites\/8\/item-1-3-300x300.jpg 300w, https:\/\/coldbet.shop\/es\/wp-content\/uploads\/sites\/8\/item-1-3-150x150.jpg 150w, https:\/\/coldbet.shop\/es\/wp-content\/uploads\/sites\/8\/item-1-3-100x100.jpg 100w, https:\/\/coldbet.shop\/es\/wp-content\/uploads\/sites\/8\/item-1-3-50x50.jpg 50w, https:\/\/coldbet.shop\/es\/wp-content\/uploads\/sites\/8\/item-1-3.jpg 530w\" sizes=\"auto, (max-width: 300px) 100vw, 300px\" \/><button class=\"woosw-btn woosw-btn-1093 woosw-btn-has-icon woosw-btn-icon-only\" data-id=\"1093\" data-product_name=\"Jersey de cuello redondo\" data-product_image=\"https:\/\/coldbet.shop\/es\/wp-content\/uploads\/sites\/8\/item-1-3-150x150.jpg\" aria-label=\"A\u00f1adir a la lista de deseos\"><span class=\"woosw-btn-icon woosw-icon-5\"><\/span><\/button><h2 class=\"woocommerce-loop-product__title\">Jersey de cuello redondo<\/h2>\n\t<span class=\"price\"><span class=\"woocommerce-Price-amount amount\"><bdi><span class=\"woocommerce-Price-currencySymbol\">&euro;<\/span>19<\/bdi><\/span><\/span>\n<a href=\"https:\/\/coldbet.shop\/es\/product\/fleece-crew-sweater\/\" aria-describedby=\"woocommerce_loop_add_to_cart_link_describedby_1093\" data-quantity=\"1\" class=\"button product_type_variable\" data-product_id=\"1093\" data-product_sku=\"J30J314051YAF-1\" aria-label=\"Elige las opciones para &ldquo;Jersey de cuello redondo&rdquo;\" rel=\"nofollow\">Seleccionar opciones<\/a>\t<span id=\"woocommerce_loop_add_to_cart_link_describedby_1093\" class=\"screen-reader-text\">\n\t\tEste producto tiene m\u00faltiples variantes. Las opciones se pueden elegir en la p\u00e1gina de producto\t<\/span>\n<\/li>\n<li class=\"product type-product post-1149 status-publish outofstock product_cat-longsleeve has-post-thumbnail sale shipping-taxable purchasable product-type-variable has-default-attributes\">\n\t<a href=\"https:\/\/coldbet.shop\/es\/product\/longsleeve\/\" class=\"woocommerce-LoopProduct-link woocommerce-loop-product__link\">\n\t<span class=\"onsale\">\u00a1Oferta!<\/span>\n\t<img loading=\"lazy\" decoding=\"async\" width=\"300\" height=\"300\" src=\"https:\/\/coldbet.shop\/es\/wp-content\/uploads\/sites\/8\/item-3-300x300.jpg\" class=\"attachment-woocommerce_thumbnail size-woocommerce_thumbnail\" alt=\"Manga larga\" srcset=\"https:\/\/coldbet.shop\/es\/wp-content\/uploads\/sites\/8\/item-3-300x300.jpg 300w, https:\/\/coldbet.shop\/es\/wp-content\/uploads\/sites\/8\/item-3-150x150.jpg 150w, https:\/\/coldbet.shop\/es\/wp-content\/uploads\/sites\/8\/item-3-100x100.jpg 100w, https:\/\/coldbet.shop\/es\/wp-content\/uploads\/sites\/8\/item-3-50x50.jpg 50w, https:\/\/coldbet.shop\/es\/wp-content\/uploads\/sites\/8\/item-3.jpg 530w\" sizes=\"auto, (max-width: 300px) 100vw, 300px\" \/><button class=\"woosw-btn woosw-btn-1149 woosw-btn-has-icon woosw-btn-icon-only\" data-id=\"1149\" data-product_name=\"Manga larga\" data-product_image=\"https:\/\/coldbet.shop\/es\/wp-content\/uploads\/sites\/8\/item-3-150x150.jpg\" aria-label=\"A\u00f1adir a la lista de deseos\"><span class=\"woosw-btn-icon woosw-icon-5\"><\/span><\/button><h2 class=\"woocommerce-loop-product__title\">Manga larga<\/h2>\n\t<span class=\"price\"><span class=\"woocommerce-Price-amount amount\" aria-hidden=\"true\"><bdi><span class=\"woocommerce-Price-currencySymbol\">&euro;<\/span>15<\/bdi><\/span> <span aria-hidden=\"true\">-<\/span> <span class=\"woocommerce-Price-amount amount\" aria-hidden=\"true\"><bdi><span class=\"woocommerce-Price-currencySymbol\">&euro;<\/span>20<\/bdi><\/span><span class=\"screen-reader-text\">Rango de precios: desde &euro;15 hasta &euro;20<\/span><\/span>\n<a href=\"https:\/\/coldbet.shop\/es\/product\/longsleeve\/\" aria-describedby=\"woocommerce_loop_add_to_cart_link_describedby_1149\" data-quantity=\"1\" class=\"button product_type_variable\" data-product_id=\"1149\" data-product_sku=\"J30J31405-1-3\" aria-label=\"Elige las opciones para &ldquo;Manga larga&rdquo;\" rel=\"nofollow\">Seleccionar opciones<\/a>\t<span id=\"woocommerce_loop_add_to_cart_link_describedby_1149\" class=\"screen-reader-text\">\n\t\tEste producto tiene m\u00faltiples variantes. Las opciones se pueden elegir en la p\u00e1gina de producto\t<\/span>\n<\/li>\n<li class=\"product type-product post-1142 status-publish last outofstock product_cat-t-shirts product_cat-sweatshirts has-post-thumbnail shipping-taxable purchasable product-type-variable has-default-attributes\">\n\t<a href=\"https:\/\/coldbet.shop\/es\/product\/sweatshirt\/\" class=\"woocommerce-LoopProduct-link woocommerce-loop-product__link\"><img loading=\"lazy\" decoding=\"async\" width=\"300\" height=\"300\" src=\"https:\/\/coldbet.shop\/es\/wp-content\/uploads\/sites\/8\/item-2-300x300.jpg\" class=\"attachment-woocommerce_thumbnail size-woocommerce_thumbnail\" alt=\"Sudadera\" srcset=\"https:\/\/coldbet.shop\/es\/wp-content\/uploads\/sites\/8\/item-2-300x300.jpg 300w, https:\/\/coldbet.shop\/es\/wp-content\/uploads\/sites\/8\/item-2-150x150.jpg 150w, https:\/\/coldbet.shop\/es\/wp-content\/uploads\/sites\/8\/item-2-100x100.jpg 100w, https:\/\/coldbet.shop\/es\/wp-content\/uploads\/sites\/8\/item-2-50x50.jpg 50w, https:\/\/coldbet.shop\/es\/wp-content\/uploads\/sites\/8\/item-2.jpg 530w\" sizes=\"auto, (max-width: 300px) 100vw, 300px\" \/><button class=\"woosw-btn woosw-btn-1142 woosw-btn-has-icon woosw-btn-icon-only\" data-id=\"1142\" data-product_name=\"Sudadera\" data-product_image=\"https:\/\/coldbet.shop\/es\/wp-content\/uploads\/sites\/8\/item-2-150x150.jpg\" aria-label=\"A\u00f1adir a la lista de deseos\"><span class=\"woosw-btn-icon woosw-icon-5\"><\/span><\/button><h2 class=\"woocommerce-loop-product__title\">Sudadera<\/h2>\n\t<span class=\"price\"><span class=\"woocommerce-Price-amount amount\"><bdi><span class=\"woocommerce-Price-currencySymbol\">&euro;<\/span>19<\/bdi><\/span><\/span>\n<a href=\"https:\/\/coldbet.shop\/es\/product\/sweatshirt\/\" aria-describedby=\"woocommerce_loop_add_to_cart_link_describedby_1142\" data-quantity=\"1\" class=\"button product_type_variable\" data-product_id=\"1142\" data-product_sku=\"J30J31405-4\" aria-label=\"Elige las opciones para &ldquo;Sudadera&rdquo;\" rel=\"nofollow\">Seleccionar opciones<\/a>\t<span id=\"woocommerce_loop_add_to_cart_link_describedby_1142\" class=\"screen-reader-text\">\n\t\tEste producto tiene m\u00faltiples variantes. Las opciones se pueden elegir en la p\u00e1gina de producto\t<\/span>\n<\/li>\n<li class=\"product type-product post-1114 status-publish first outofstock product_cat-hoodie product_cat-longsleeve product_cat-sweatshirts has-post-thumbnail shipping-taxable purchasable product-type-variable has-default-attributes\">\n\t<a href=\"https:\/\/coldbet.shop\/es\/product\/oversized-sweatshirt\/\" class=\"woocommerce-LoopProduct-link woocommerce-loop-product__link\"><img loading=\"lazy\" decoding=\"async\" width=\"300\" height=\"300\" src=\"https:\/\/coldbet.shop\/es\/wp-content\/uploads\/sites\/8\/item-1-3-300x300.jpg\" class=\"attachment-woocommerce_thumbnail size-woocommerce_thumbnail\" alt=\"Sudadera oversize\" srcset=\"https:\/\/coldbet.shop\/es\/wp-content\/uploads\/sites\/8\/item-1-3-300x300.jpg 300w, https:\/\/coldbet.shop\/es\/wp-content\/uploads\/sites\/8\/item-1-3-150x150.jpg 150w, https:\/\/coldbet.shop\/es\/wp-content\/uploads\/sites\/8\/item-1-3-100x100.jpg 100w, https:\/\/coldbet.shop\/es\/wp-content\/uploads\/sites\/8\/item-1-3-50x50.jpg 50w, https:\/\/coldbet.shop\/es\/wp-content\/uploads\/sites\/8\/item-1-3.jpg 530w\" sizes=\"auto, (max-width: 300px) 100vw, 300px\" \/><button class=\"woosw-btn woosw-btn-1114 woosw-btn-has-icon woosw-btn-icon-only\" data-id=\"1114\" data-product_name=\"Sudadera oversize\" data-product_image=\"https:\/\/coldbet.shop\/es\/wp-content\/uploads\/sites\/8\/item-1-3-150x150.jpg\" aria-label=\"A\u00f1adir a la lista de deseos\"><span class=\"woosw-btn-icon woosw-icon-5\"><\/span><\/button><h2 class=\"woocommerce-loop-product__title\">Sudadera oversize<\/h2>\n\t<span class=\"price\"><span class=\"woocommerce-Price-amount amount\"><bdi><span class=\"woocommerce-Price-currencySymbol\">&euro;<\/span>19<\/bdi><\/span><\/span>\n<a href=\"https:\/\/coldbet.shop\/es\/product\/oversized-sweatshirt\/\" aria-describedby=\"woocommerce_loop_add_to_cart_link_describedby_1114\" data-quantity=\"1\" class=\"button product_type_variable\" data-product_id=\"1114\" data-product_sku=\"J30J314051YAF-1-1\" aria-label=\"Elige las opciones para &ldquo;Sudadera oversize&rdquo;\" rel=\"nofollow\">Seleccionar opciones<\/a>\t<span id=\"woocommerce_loop_add_to_cart_link_describedby_1114\" class=\"screen-reader-text\">\n\t\tEste producto tiene m\u00faltiples variantes. Las opciones se pueden elegir en la p\u00e1gina de producto\t<\/span>\n<\/li>\n<\/ul>\n<\/div>\n","protected":false},"excerpt":{"rendered":"<p>Todos los productos<\/p>\n","protected":false},"author":1,"featured_media":0,"parent":0,"menu_order":0,"comment_status":"closed","ping_status":"closed","template":"","meta":{"footnotes":""},"class_list":["post-2","page","type-page","status-publish","hentry"],"yoast_head":"<!-- This site is optimized with the Yoast SEO plugin v25.7 - https:\/\/yoast.com\/wordpress\/plugins\/seo\/ -->\n<title>ColdBet Tienda Online | Merch con Estilo en Espa\u00f1a<\/title>\n<meta name=\"description\" content=\"ColdBet.shop \u2013 tu tienda en Espa\u00f1a de ropa y merch exclusivos. Camisetas, sudaderas, hoodies, longsleeves y zapatillas con un dise\u00f1o \u00fanico.\" \/>\n<meta name=\"robots\" content=\"index, follow, max-snippet:-1, max-image-preview:large, max-video-preview:-1\" \/>\n<link rel=\"canonical\" href=\"https:\/\/coldbet.shop\/es\/\" \/>\n<meta property=\"og:locale\" content=\"es_ES\" \/>\n<meta property=\"og:type\" content=\"article\" \/>\n<meta property=\"og:title\" content=\"ColdBet Tienda Online | Merch con Estilo en Espa\u00f1a\" \/>\n<meta property=\"og:description\" content=\"ColdBet.shop \u2013 tu tienda en Espa\u00f1a de ropa y merch exclusivos. Camisetas, sudaderas, hoodies, longsleeves y zapatillas con un dise\u00f1o \u00fanico.\" \/>\n<meta property=\"og:url\" content=\"https:\/\/coldbet.shop\/es\/\" \/>\n<meta property=\"og:site_name\" content=\"Coldbet ES\" \/>\n<meta property=\"article:modified_time\" content=\"2025-10-15T13:12:04+00:00\" \/>\n<meta name=\"twitter:card\" content=\"summary_large_image\" \/>\n<meta name=\"twitter:label1\" content=\"Tiempo de lectura\" \/>\n\t<meta name=\"twitter:data1\" content=\"1 minuto\" \/>\n<script type=\"application\/ld+json\" class=\"yoast-schema-graph\">{\"@context\":\"https:\/\/schema.org\",\"@graph\":[{\"@type\":\"WebPage\",\"@id\":\"https:\/\/coldbet.shop\/es\/\",\"url\":\"https:\/\/coldbet.shop\/es\/\",\"name\":\"ColdBet Tienda Online | Merch con Estilo en Espa\u00f1a\",\"isPartOf\":{\"@id\":\"https:\/\/coldbet.shop\/es\/#website\"},\"datePublished\":\"2022-10-25T13:42:43+00:00\",\"dateModified\":\"2025-10-15T13:12:04+00:00\",\"description\":\"ColdBet.shop \u2013 tu tienda en Espa\u00f1a de ropa y merch exclusivos. Camisetas, sudaderas, hoodies, longsleeves y zapatillas con un dise\u00f1o \u00fanico.\",\"breadcrumb\":{\"@id\":\"https:\/\/coldbet.shop\/es\/#breadcrumb\"},\"inLanguage\":\"es\",\"potentialAction\":[{\"@type\":\"ReadAction\",\"target\":[\"https:\/\/coldbet.shop\/es\/\"]}]},{\"@type\":\"BreadcrumbList\",\"@id\":\"https:\/\/coldbet.shop\/es\/#breadcrumb\",\"itemListElement\":[{\"@type\":\"ListItem\",\"position\":1,\"name\":\"Inicio\",\"item\":\"https:\/\/coldbet.shop\/es\/\"},{\"@type\":\"ListItem\",\"position\":2,\"name\":\"Inicio\"}]},{\"@type\":\"WebSite\",\"@id\":\"https:\/\/coldbet.shop\/es\/#website\",\"url\":\"https:\/\/coldbet.shop\/es\/\",\"name\":\"Coldbet ES\",\"description\":\"\",\"potentialAction\":[{\"@type\":\"SearchAction\",\"target\":{\"@type\":\"EntryPoint\",\"urlTemplate\":\"https:\/\/coldbet.shop\/es\/?s={search_term_string}\"},\"query-input\":{\"@type\":\"PropertyValueSpecification\",\"valueRequired\":true,\"valueName\":\"search_term_string\"}}],\"inLanguage\":\"es\"}]}<\/script>\n<!-- \/ Yoast SEO plugin. -->","yoast_head_json":{"title":"ColdBet Tienda Online | Merch con Estilo en Espa\u00f1a","description":"ColdBet.shop \u2013 tu tienda en Espa\u00f1a de ropa y merch exclusivos. Camisetas, sudaderas, hoodies, longsleeves y zapatillas con un dise\u00f1o \u00fanico.","robots":{"index":"index","follow":"follow","max-snippet":"max-snippet:-1","max-image-preview":"max-image-preview:large","max-video-preview":"max-video-preview:-1"},"canonical":"https:\/\/coldbet.shop\/es\/","og_locale":"es_ES","og_type":"article","og_title":"ColdBet Tienda Online | Merch con Estilo en Espa\u00f1a","og_description":"ColdBet.shop \u2013 tu tienda en Espa\u00f1a de ropa y merch exclusivos. Camisetas, sudaderas, hoodies, longsleeves y zapatillas con un dise\u00f1o \u00fanico.","og_url":"https:\/\/coldbet.shop\/es\/","og_site_name":"Coldbet ES","article_modified_time":"2025-10-15T13:12:04+00:00","twitter_card":"summary_large_image","twitter_misc":{"Tiempo de lectura":"1 minuto"},"schema":{"@context":"https:\/\/schema.org","@graph":[{"@type":"WebPage","@id":"https:\/\/coldbet.shop\/es\/","url":"https:\/\/coldbet.shop\/es\/","name":"ColdBet Tienda Online | Merch con Estilo en Espa\u00f1a","isPartOf":{"@id":"https:\/\/coldbet.shop\/es\/#website"},"datePublished":"2022-10-25T13:42:43+00:00","dateModified":"2025-10-15T13:12:04+00:00","description":"ColdBet.shop \u2013 tu tienda en Espa\u00f1a de ropa y merch exclusivos. Camisetas, sudaderas, hoodies, longsleeves y zapatillas con un dise\u00f1o \u00fanico.","breadcrumb":{"@id":"https:\/\/coldbet.shop\/es\/#breadcrumb"},"inLanguage":"es","potentialAction":[{"@type":"ReadAction","target":["https:\/\/coldbet.shop\/es\/"]}]},{"@type":"BreadcrumbList","@id":"https:\/\/coldbet.shop\/es\/#breadcrumb","itemListElement":[{"@type":"ListItem","position":1,"name":"Inicio","item":"https:\/\/coldbet.shop\/es\/"},{"@type":"ListItem","position":2,"name":"Inicio"}]},{"@type":"WebSite","@id":"https:\/\/coldbet.shop\/es\/#website","url":"https:\/\/coldbet.shop\/es\/","name":"Coldbet ES","description":"","potentialAction":[{"@type":"SearchAction","target":{"@type":"EntryPoint","urlTemplate":"https:\/\/coldbet.shop\/es\/?s={search_term_string}"},"query-input":{"@type":"PropertyValueSpecification","valueRequired":true,"valueName":"search_term_string"}}],"inLanguage":"es"}]}},"_links":{"self":[{"href":"https:\/\/coldbet.shop\/es\/wp-json\/wp\/v2\/pages\/2","targetHints":{"allow":["GET"]}}],"collection":[{"href":"https:\/\/coldbet.shop\/es\/wp-json\/wp\/v2\/pages"}],"about":[{"href":"https:\/\/coldbet.shop\/es\/wp-json\/wp\/v2\/types\/page"}],"author":[{"embeddable":true,"href":"https:\/\/coldbet.shop\/es\/wp-json\/wp\/v2\/users\/1"}],"replies":[{"embeddable":true,"href":"https:\/\/coldbet.shop\/es\/wp-json\/wp\/v2\/comments?post=2"}],"version-history":[{"count":85,"href":"https:\/\/coldbet.shop\/es\/wp-json\/wp\/v2\/pages\/2\/revisions"}],"predecessor-version":[{"id":1239,"href":"https:\/\/coldbet.shop\/es\/wp-json\/wp\/v2\/pages\/2\/revisions\/1239"}],"wp:attachment":[{"href":"https:\/\/coldbet.shop\/es\/wp-json\/wp\/v2\/media?parent=2"}],"curies":[{"name":"wp","href":"https:\/\/api.w.org\/{rel}","templated":true}]}}