{"id":1206,"date":"2025-08-14T13:57:13","date_gmt":"2025-08-14T10:57:13","guid":{"rendered":"https:\/\/coldbet.shop\/pt\/?page_id=1206"},"modified":"2025-08-23T16:34:02","modified_gmt":"2025-08-23T13:34:02","slug":"payment","status":"publish","type":"page","link":"https:\/\/coldbet.shop\/pt\/payment\/","title":{"rendered":"Pagamento"},"content":{"rendered":"\n<h1 class=\"wp-block-heading has-text-align-left\">Pagamento<\/h1>\n\n\n\n<div class=\"wp-block-group page-content\"><div class=\"wp-block-group__inner-container is-layout-constrained wp-block-group-is-layout-constrained\">\n<p>Assim, o in\u00edcio do trabalho quotidiano de forma\u00e7\u00e3o de uma posi\u00e7\u00e3o contribui para a prepara\u00e7\u00e3o e implementa\u00e7\u00e3o do modelo de desenvolvimento. Considera\u00e7\u00f5es ideol\u00f3gicas de ordem superior, bem como a implementa\u00e7\u00e3o das tarefas planeadas, contribuem para a prepara\u00e7\u00e3o e implementa\u00e7\u00e3o das direc\u00e7\u00f5es de desenvolvimento progressivo. Assim, a consulta de um vasto patrim\u00f3nio desempenha um papel importante na forma\u00e7\u00e3o de condi\u00e7\u00f5es financeiras e administrativas significativas. A experi\u00eancia diversificada e rica, o crescimento quantitativo constante e o \u00e2mbito da nossa atividade garantem um vasto c\u00edrculo (de especialistas) para participar na forma\u00e7\u00e3o das condi\u00e7\u00f5es correspondentes para a ativa\u00e7\u00e3o. A tarefa da organiza\u00e7\u00e3o, em particular a consulta de um vasto patrim\u00f3nio, garante um vasto c\u00edrculo (de especialistas) para participar na forma\u00e7\u00e3o de novas propostas. Da mesma forma, a estrutura estabelecida da organiza\u00e7\u00e3o \u00e9 uma experi\u00eancia interessante para testar o sistema de forma\u00e7\u00e3o de pessoal, satisfazendo necessidades urgentes. Considera\u00e7\u00f5es ideol\u00f3gicas de ordem superior, bem como a consulta de um vasto patrim\u00f3nio, contribuem para a prepara\u00e7\u00e3o e implementa\u00e7\u00e3o das condi\u00e7\u00f5es de ativa\u00e7\u00e3o correspondentes.<\/p>\n\n\n\n<p>Assim, o in\u00edcio do trabalho di\u00e1rio de forma\u00e7\u00e3o de uma posi\u00e7\u00e3o contribui para a prepara\u00e7\u00e3o e implementa\u00e7\u00e3o do modelo de desenvolvimento. As considera\u00e7\u00f5es ideol\u00f3gicas de ordem superior, bem como a implementa\u00e7\u00e3o das tarefas planeadas, contribuem para a prepara\u00e7\u00e3o e implementa\u00e7\u00e3o das direc\u00e7\u00f5es do progresso.<\/p>\n\n\n\n<ol class=\"wp-block-list\">\n<li>Player 1 makes a 5 \u20ac stake and wins 2 500 \u20ac. Player 1&#8217;s ratio is 500. So, Player 1 will get 500 tournament points (2.500\/5).<\/li>\n\n\n\n<li>Player 2 makes a 7 \u20ac stake and wins 140 \u20ac. Player 2&#8217;s ratio is 20. So, Player 2 will get 20 tournament points (140\/7).<\/li>\n<\/ol>\n<\/div><\/div>\n","protected":false},"excerpt":{"rendered":"<p>Pagamento Assim, o in\u00edcio do trabalho quotidiano de forma\u00e7\u00e3o de uma posi\u00e7\u00e3o contribui para a prepara\u00e7\u00e3o e implementa\u00e7\u00e3o do modelo de desenvolvimento. Considera\u00e7\u00f5es ideol\u00f3gicas de ordem superior, bem como a implementa\u00e7\u00e3o das tarefas planeadas, contribuem para a prepara\u00e7\u00e3o e implementa\u00e7\u00e3o das direc\u00e7\u00f5es de desenvolvimento progressivo. Assim, a consulta de um vasto patrim\u00f3nio desempenha um papel [&hellip;]<\/p>\n","protected":false},"author":1,"featured_media":0,"parent":0,"menu_order":0,"comment_status":"closed","ping_status":"closed","template":"","meta":{"footnotes":""},"class_list":["post-1206","page","type-page","status-publish","hentry"],"yoast_head":"<!-- This site is optimized with the Yoast SEO plugin v25.7 - https:\/\/yoast.com\/wordpress\/plugins\/seo\/ -->\n<title>Pagamento - Coldbet PT<\/title>\n<meta name=\"robots\" content=\"index, follow, max-snippet:-1, max-image-preview:large, max-video-preview:-1\" \/>\n<link rel=\"canonical\" href=\"https:\/\/coldbet.shop\/pt\/payment\/\" \/>\n<meta property=\"og:locale\" content=\"pt_PT\" \/>\n<meta property=\"og:type\" content=\"article\" \/>\n<meta property=\"og:title\" content=\"Pagamento - Coldbet PT\" \/>\n<meta property=\"og:description\" content=\"Pagamento Assim, o in\u00edcio do trabalho quotidiano de forma\u00e7\u00e3o de uma posi\u00e7\u00e3o contribui para a prepara\u00e7\u00e3o e implementa\u00e7\u00e3o do modelo de desenvolvimento. Considera\u00e7\u00f5es ideol\u00f3gicas de ordem superior, bem como a implementa\u00e7\u00e3o das tarefas planeadas, contribuem para a prepara\u00e7\u00e3o e implementa\u00e7\u00e3o das direc\u00e7\u00f5es de desenvolvimento progressivo. Assim, a consulta de um vasto patrim\u00f3nio desempenha um papel [&hellip;]\" \/>\n<meta property=\"og:url\" content=\"https:\/\/coldbet.shop\/pt\/payment\/\" \/>\n<meta property=\"og:site_name\" content=\"Coldbet PT\" \/>\n<meta property=\"article:modified_time\" content=\"2025-08-23T13:34:02+00:00\" \/>\n<meta name=\"twitter:card\" content=\"summary_large_image\" \/>\n<meta name=\"twitter:label1\" content=\"Tempo estimado de leitura\" \/>\n\t<meta name=\"twitter:data1\" content=\"2 minutos\" \/>\n<script type=\"application\/ld+json\" class=\"yoast-schema-graph\">{\"@context\":\"https:\/\/schema.org\",\"@graph\":[{\"@type\":\"WebPage\",\"@id\":\"https:\/\/coldbet.shop\/pt\/payment\/\",\"url\":\"https:\/\/coldbet.shop\/pt\/payment\/\",\"name\":\"Pagamento - Coldbet PT\",\"isPartOf\":{\"@id\":\"https:\/\/coldbet.shop\/pt\/#website\"},\"datePublished\":\"2025-08-14T10:57:13+00:00\",\"dateModified\":\"2025-08-23T13:34:02+00:00\",\"breadcrumb\":{\"@id\":\"https:\/\/coldbet.shop\/pt\/payment\/#breadcrumb\"},\"inLanguage\":\"pt-PT\",\"potentialAction\":[{\"@type\":\"ReadAction\",\"target\":[\"https:\/\/coldbet.shop\/pt\/payment\/\"]}]},{\"@type\":\"BreadcrumbList\",\"@id\":\"https:\/\/coldbet.shop\/pt\/payment\/#breadcrumb\",\"itemListElement\":[{\"@type\":\"ListItem\",\"position\":1,\"name\":\"In\u00edcio\",\"item\":\"https:\/\/coldbet.shop\/pt\/\"},{\"@type\":\"ListItem\",\"position\":2,\"name\":\"Pagamento\"}]},{\"@type\":\"WebSite\",\"@id\":\"https:\/\/coldbet.shop\/pt\/#website\",\"url\":\"https:\/\/coldbet.shop\/pt\/\",\"name\":\"Coldbet PT\",\"description\":\"\",\"potentialAction\":[{\"@type\":\"SearchAction\",\"target\":{\"@type\":\"EntryPoint\",\"urlTemplate\":\"https:\/\/coldbet.shop\/pt\/?s={search_term_string}\"},\"query-input\":{\"@type\":\"PropertyValueSpecification\",\"valueRequired\":true,\"valueName\":\"search_term_string\"}}],\"inLanguage\":\"pt-PT\"}]}<\/script>\n<!-- \/ Yoast SEO plugin. -->","yoast_head_json":{"title":"Pagamento - Coldbet PT","robots":{"index":"index","follow":"follow","max-snippet":"max-snippet:-1","max-image-preview":"max-image-preview:large","max-video-preview":"max-video-preview:-1"},"canonical":"https:\/\/coldbet.shop\/pt\/payment\/","og_locale":"pt_PT","og_type":"article","og_title":"Pagamento - Coldbet PT","og_description":"Pagamento Assim, o in\u00edcio do trabalho quotidiano de forma\u00e7\u00e3o de uma posi\u00e7\u00e3o contribui para a prepara\u00e7\u00e3o e implementa\u00e7\u00e3o do modelo de desenvolvimento. Considera\u00e7\u00f5es ideol\u00f3gicas de ordem superior, bem como a implementa\u00e7\u00e3o das tarefas planeadas, contribuem para a prepara\u00e7\u00e3o e implementa\u00e7\u00e3o das direc\u00e7\u00f5es de desenvolvimento progressivo. Assim, a consulta de um vasto patrim\u00f3nio desempenha um papel [&hellip;]","og_url":"https:\/\/coldbet.shop\/pt\/payment\/","og_site_name":"Coldbet PT","article_modified_time":"2025-08-23T13:34:02+00:00","twitter_card":"summary_large_image","twitter_misc":{"Tempo estimado de leitura":"2 minutos"},"schema":{"@context":"https:\/\/schema.org","@graph":[{"@type":"WebPage","@id":"https:\/\/coldbet.shop\/pt\/payment\/","url":"https:\/\/coldbet.shop\/pt\/payment\/","name":"Pagamento - Coldbet PT","isPartOf":{"@id":"https:\/\/coldbet.shop\/pt\/#website"},"datePublished":"2025-08-14T10:57:13+00:00","dateModified":"2025-08-23T13:34:02+00:00","breadcrumb":{"@id":"https:\/\/coldbet.shop\/pt\/payment\/#breadcrumb"},"inLanguage":"pt-PT","potentialAction":[{"@type":"ReadAction","target":["https:\/\/coldbet.shop\/pt\/payment\/"]}]},{"@type":"BreadcrumbList","@id":"https:\/\/coldbet.shop\/pt\/payment\/#breadcrumb","itemListElement":[{"@type":"ListItem","position":1,"name":"In\u00edcio","item":"https:\/\/coldbet.shop\/pt\/"},{"@type":"ListItem","position":2,"name":"Pagamento"}]},{"@type":"WebSite","@id":"https:\/\/coldbet.shop\/pt\/#website","url":"https:\/\/coldbet.shop\/pt\/","name":"Coldbet PT","description":"","potentialAction":[{"@type":"SearchAction","target":{"@type":"EntryPoint","urlTemplate":"https:\/\/coldbet.shop\/pt\/?s={search_term_string}"},"query-input":{"@type":"PropertyValueSpecification","valueRequired":true,"valueName":"search_term_string"}}],"inLanguage":"pt-PT"}]}},"_links":{"self":[{"href":"https:\/\/coldbet.shop\/pt\/wp-json\/wp\/v2\/pages\/1206","targetHints":{"allow":["GET"]}}],"collection":[{"href":"https:\/\/coldbet.shop\/pt\/wp-json\/wp\/v2\/pages"}],"about":[{"href":"https:\/\/coldbet.shop\/pt\/wp-json\/wp\/v2\/types\/page"}],"author":[{"embeddable":true,"href":"https:\/\/coldbet.shop\/pt\/wp-json\/wp\/v2\/users\/1"}],"replies":[{"embeddable":true,"href":"https:\/\/coldbet.shop\/pt\/wp-json\/wp\/v2\/comments?post=1206"}],"version-history":[{"count":9,"href":"https:\/\/coldbet.shop\/pt\/wp-json\/wp\/v2\/pages\/1206\/revisions"}],"predecessor-version":[{"id":1243,"href":"https:\/\/coldbet.shop\/pt\/wp-json\/wp\/v2\/pages\/1206\/revisions\/1243"}],"wp:attachment":[{"href":"https:\/\/coldbet.shop\/pt\/wp-json\/wp\/v2\/media?parent=1206"}],"curies":[{"name":"wp","href":"https:\/\/api.w.org\/{rel}","templated":true}]}}