{"id":2,"date":"2022-10-25T16:42:43","date_gmt":"2022-10-25T13:42:43","guid":{"rendered":"https:\/\/coldbet.shop\/pt\/?page_id=2"},"modified":"2025-10-15T16:14:53","modified_gmt":"2025-10-15T13:14:53","slug":"home","status":"publish","type":"page","link":"https:\/\/coldbet.shop\/pt\/","title":{"rendered":"In\u00edcio"},"content":{"rendered":"\n<h1 class=\"wp-block-heading has-text-align-center\">Todos os produtos<\/h1>\n\n\n<div class=\"woocommerce columns-3 \"><p class=\"woocommerce-result-count\" role=\"alert\" aria-relevant=\"all\" >\n\t<span class=\"br_product_result_count\" style=\"display: none;\" data-text=\"A mostrar todos os 3 resultados\" data-start=\"1\" data-end=\"3\" data-laststart=1 data-lastend=3><\/span>A mostrar todos os 3 resultados<\/p>\n<form class=\"woocommerce-ordering\" method=\"get\">\n\t\t<select\n\t\tname=\"orderby\"\n\t\tclass=\"orderby\"\n\t\t\t\t\taria-label=\"Ordem da loja\"\n\t\t\t>\n\t\t\t\t\t<option value=\"menu_order\"  selected='selected'>Ordena\u00e7\u00e3o padr\u00e3o<\/option>\n\t\t\t\t\t<option value=\"popularity\" >Ordenar por popularidade<\/option>\n\t\t\t\t\t<option value=\"date\" >Ordenar por mais recentes<\/option>\n\t\t\t\t\t<option value=\"price\" >Ordenar por pre\u00e7o: menor para maior<\/option>\n\t\t\t\t\t<option value=\"price-desc\" >Ordenar por pre\u00e7o: maior para menor<\/option>\n\t\t\t<\/select>\n\t<input type=\"hidden\" name=\"paged\" value=\"1\" \/>\n\t<\/form>\n<ul class=\"products columns-3\">\n<li class=\"product type-product post-1093 status-publish first instock product_cat-sweatshirts product_cat-hoodie product_cat-longsleeve has-post-thumbnail shipping-taxable purchasable product-type-variable has-default-attributes\">\n\t<a href=\"https:\/\/coldbet.shop\/pt\/product\/fleece-crew-sweater\/\" class=\"woocommerce-LoopProduct-link woocommerce-loop-product__link\"><img loading=\"lazy\" decoding=\"async\" width=\"300\" height=\"300\" src=\"https:\/\/coldbet.shop\/pt\/wp-content\/uploads\/sites\/11\/item-1-3-300x300.jpg\" class=\"attachment-woocommerce_thumbnail size-woocommerce_thumbnail\" alt=\"Camisola de l\u00e3\" srcset=\"https:\/\/coldbet.shop\/pt\/wp-content\/uploads\/sites\/11\/item-1-3-300x300.jpg 300w, https:\/\/coldbet.shop\/pt\/wp-content\/uploads\/sites\/11\/item-1-3-150x150.jpg 150w, https:\/\/coldbet.shop\/pt\/wp-content\/uploads\/sites\/11\/item-1-3-100x100.jpg 100w, https:\/\/coldbet.shop\/pt\/wp-content\/uploads\/sites\/11\/item-1-3-50x50.jpg 50w, https:\/\/coldbet.shop\/pt\/wp-content\/uploads\/sites\/11\/item-1-3.jpg 530w\" sizes=\"auto, (max-width: 300px) 100vw, 300px\" \/><button class=\"woosw-btn woosw-btn-1093 woosw-btn-has-icon woosw-btn-icon-only\" data-id=\"1093\" data-product_name=\"Camisola de l\u00e3\" data-product_image=\"https:\/\/coldbet.shop\/pt\/wp-content\/uploads\/sites\/11\/item-1-3-150x150.jpg\" aria-label=\"Add to wishlist\"><span class=\"woosw-btn-icon woosw-icon-5\"><\/span><\/button><h2 class=\"woocommerce-loop-product__title\">Camisola de l\u00e3<\/h2>\n\t<span class=\"price\"><span class=\"woocommerce-Price-amount amount\"><bdi><span class=\"woocommerce-Price-currencySymbol\">&euro;<\/span>19<\/bdi><\/span><\/span>\n<a href=\"https:\/\/coldbet.shop\/pt\/product\/fleece-crew-sweater\/\" aria-describedby=\"woocommerce_loop_add_to_cart_link_describedby_1093\" data-quantity=\"1\" class=\"button product_type_variable add_to_cart_button\" data-product_id=\"1093\" data-product_sku=\"J30J314051YAF-1\" aria-label=\"Seleccione as op\u00e7\u00f5es para &ldquo;Camisola de l\u00e3&rdquo;\" rel=\"nofollow\">Ver op\u00e7\u00f5es<\/a>\t<span id=\"woocommerce_loop_add_to_cart_link_describedby_1093\" class=\"screen-reader-text\">\n\t\tThis product has multiple variants. The options may be chosen on the product page\t<\/span>\n<\/li>\n<li class=\"product type-product post-1149 status-publish instock product_cat-longsleeve has-post-thumbnail sale shipping-taxable purchasable product-type-variable has-default-attributes\">\n\t<a href=\"https:\/\/coldbet.shop\/pt\/product\/longsleeve\/\" class=\"woocommerce-LoopProduct-link woocommerce-loop-product__link\">\n\t<span class=\"onsale\">Promo\u00e7\u00e3o!<\/span>\n\t<img loading=\"lazy\" decoding=\"async\" width=\"300\" height=\"300\" src=\"https:\/\/coldbet.shop\/pt\/wp-content\/uploads\/sites\/11\/item-3-300x300.jpg\" class=\"attachment-woocommerce_thumbnail size-woocommerce_thumbnail\" alt=\"Manga comprida\" srcset=\"https:\/\/coldbet.shop\/pt\/wp-content\/uploads\/sites\/11\/item-3-300x300.jpg 300w, https:\/\/coldbet.shop\/pt\/wp-content\/uploads\/sites\/11\/item-3-150x150.jpg 150w, https:\/\/coldbet.shop\/pt\/wp-content\/uploads\/sites\/11\/item-3-100x100.jpg 100w, https:\/\/coldbet.shop\/pt\/wp-content\/uploads\/sites\/11\/item-3-50x50.jpg 50w, https:\/\/coldbet.shop\/pt\/wp-content\/uploads\/sites\/11\/item-3.jpg 530w\" sizes=\"auto, (max-width: 300px) 100vw, 300px\" \/><button class=\"woosw-btn woosw-btn-1149 woosw-btn-has-icon woosw-btn-icon-only\" data-id=\"1149\" data-product_name=\"Manga comprida\" data-product_image=\"https:\/\/coldbet.shop\/pt\/wp-content\/uploads\/sites\/11\/item-3-150x150.jpg\" aria-label=\"Add to wishlist\"><span class=\"woosw-btn-icon woosw-icon-5\"><\/span><\/button><h2 class=\"woocommerce-loop-product__title\">Manga comprida<\/h2>\n\t<span class=\"price\"><span class=\"woocommerce-Price-amount amount\" aria-hidden=\"true\"><bdi><span class=\"woocommerce-Price-currencySymbol\">&euro;<\/span>15<\/bdi><\/span> <span aria-hidden=\"true\">&ndash;<\/span> <span class=\"woocommerce-Price-amount amount\" aria-hidden=\"true\"><bdi><span class=\"woocommerce-Price-currencySymbol\">&euro;<\/span>20<\/bdi><\/span><span class=\"screen-reader-text\">Price range: &euro;15 through &euro;20<\/span><\/span>\n<a href=\"https:\/\/coldbet.shop\/pt\/product\/longsleeve\/\" aria-describedby=\"woocommerce_loop_add_to_cart_link_describedby_1149\" data-quantity=\"1\" class=\"button product_type_variable add_to_cart_button\" data-product_id=\"1149\" data-product_sku=\"J30J31405-1-3\" aria-label=\"Seleccione as op\u00e7\u00f5es para &ldquo;Manga comprida&rdquo;\" rel=\"nofollow\">Ver op\u00e7\u00f5es<\/a>\t<span id=\"woocommerce_loop_add_to_cart_link_describedby_1149\" class=\"screen-reader-text\">\n\t\tThis product has multiple variants. The options may be chosen on the product page\t<\/span>\n<\/li>\n<li class=\"product type-product post-1121 status-publish last instock product_cat-hoodie product_cat-longsleeve product_cat-t-shirts has-post-thumbnail shipping-taxable purchasable product-type-variable has-default-attributes\">\n\t<a href=\"https:\/\/coldbet.shop\/pt\/product\/curlicure-therapy\/\" class=\"woocommerce-LoopProduct-link woocommerce-loop-product__link\"><img loading=\"lazy\" decoding=\"async\" width=\"300\" height=\"300\" src=\"https:\/\/coldbet.shop\/pt\/wp-content\/uploads\/sites\/11\/item-2-300x300.jpg\" class=\"attachment-woocommerce_thumbnail size-woocommerce_thumbnail\" alt=\"Terapia de curlicure\" srcset=\"https:\/\/coldbet.shop\/pt\/wp-content\/uploads\/sites\/11\/item-2-300x300.jpg 300w, https:\/\/coldbet.shop\/pt\/wp-content\/uploads\/sites\/11\/item-2-150x150.jpg 150w, https:\/\/coldbet.shop\/pt\/wp-content\/uploads\/sites\/11\/item-2-100x100.jpg 100w, https:\/\/coldbet.shop\/pt\/wp-content\/uploads\/sites\/11\/item-2-50x50.jpg 50w, https:\/\/coldbet.shop\/pt\/wp-content\/uploads\/sites\/11\/item-2.jpg 530w\" sizes=\"auto, (max-width: 300px) 100vw, 300px\" \/><button class=\"woosw-btn woosw-btn-1121 woosw-btn-has-icon woosw-btn-icon-only\" data-id=\"1121\" data-product_name=\"Terapia de curlicure\" data-product_image=\"https:\/\/coldbet.shop\/pt\/wp-content\/uploads\/sites\/11\/item-2-150x150.jpg\" aria-label=\"Add to wishlist\"><span class=\"woosw-btn-icon woosw-icon-5\"><\/span><\/button><h2 class=\"woocommerce-loop-product__title\">Terapia de curlicure<\/h2>\n\t<span class=\"price\"><span class=\"woocommerce-Price-amount amount\"><bdi><span class=\"woocommerce-Price-currencySymbol\">&euro;<\/span>19<\/bdi><\/span><\/span>\n<a href=\"https:\/\/coldbet.shop\/pt\/product\/curlicure-therapy\/\" aria-describedby=\"woocommerce_loop_add_to_cart_link_describedby_1121\" data-quantity=\"1\" class=\"button product_type_variable add_to_cart_button\" data-product_id=\"1121\" data-product_sku=\"J30J31405-3\" aria-label=\"Seleccione as op\u00e7\u00f5es para &ldquo;Terapia de curlicure&rdquo;\" rel=\"nofollow\">Ver op\u00e7\u00f5es<\/a>\t<span id=\"woocommerce_loop_add_to_cart_link_describedby_1121\" class=\"screen-reader-text\">\n\t\tThis product has multiple variants. The options may be chosen on the product page\t<\/span>\n<\/li>\n<\/ul>\n<\/div>\n","protected":false},"excerpt":{"rendered":"<p>Todos os produtos<\/p>\n","protected":false},"author":1,"featured_media":0,"parent":0,"menu_order":0,"comment_status":"closed","ping_status":"closed","template":"","meta":{"footnotes":""},"class_list":["post-2","page","type-page","status-publish","hentry"],"yoast_head":"<!-- This site is optimized with the Yoast SEO plugin v25.7 - https:\/\/yoast.com\/wordpress\/plugins\/seo\/ -->\n<title>ColdBet Loja Online | Merch Estiloso<\/title>\n<meta name=\"description\" content=\"ColdBet.shop \u2013 loja de roupas e merch exclusivos. Camisetas, moletons, longsleeves, sweatshirts e t\u00eanis com design \u00fanico. Fique no estilo com ColdBet.\" \/>\n<meta name=\"robots\" content=\"index, follow, max-snippet:-1, max-image-preview:large, max-video-preview:-1\" \/>\n<link rel=\"canonical\" href=\"https:\/\/coldbet.shop\/pt\/\" \/>\n<meta property=\"og:locale\" content=\"pt_PT\" \/>\n<meta property=\"og:type\" content=\"article\" \/>\n<meta property=\"og:title\" content=\"ColdBet Loja Online | Merch Estiloso\" \/>\n<meta property=\"og:description\" content=\"ColdBet.shop \u2013 loja de roupas e merch exclusivos. Camisetas, moletons, longsleeves, sweatshirts e t\u00eanis com design \u00fanico. Fique no estilo com ColdBet.\" \/>\n<meta property=\"og:url\" content=\"https:\/\/coldbet.shop\/pt\/\" \/>\n<meta property=\"og:site_name\" content=\"Coldbet PT\" \/>\n<meta property=\"article:modified_time\" content=\"2025-10-15T13:14:53+00:00\" \/>\n<meta name=\"twitter:card\" content=\"summary_large_image\" \/>\n<meta name=\"twitter:label1\" content=\"Tempo estimado de leitura\" \/>\n\t<meta name=\"twitter:data1\" content=\"1 minuto\" \/>\n<script type=\"application\/ld+json\" class=\"yoast-schema-graph\">{\"@context\":\"https:\/\/schema.org\",\"@graph\":[{\"@type\":\"WebPage\",\"@id\":\"https:\/\/coldbet.shop\/pt\/\",\"url\":\"https:\/\/coldbet.shop\/pt\/\",\"name\":\"ColdBet Loja Online | Merch Estiloso\",\"isPartOf\":{\"@id\":\"https:\/\/coldbet.shop\/pt\/#website\"},\"datePublished\":\"2022-10-25T13:42:43+00:00\",\"dateModified\":\"2025-10-15T13:14:53+00:00\",\"description\":\"ColdBet.shop \u2013 loja de roupas e merch exclusivos. Camisetas, moletons, longsleeves, sweatshirts e t\u00eanis com design \u00fanico. Fique no estilo com ColdBet.\",\"breadcrumb\":{\"@id\":\"https:\/\/coldbet.shop\/pt\/#breadcrumb\"},\"inLanguage\":\"pt-PT\",\"potentialAction\":[{\"@type\":\"ReadAction\",\"target\":[\"https:\/\/coldbet.shop\/pt\/\"]}]},{\"@type\":\"BreadcrumbList\",\"@id\":\"https:\/\/coldbet.shop\/pt\/#breadcrumb\",\"itemListElement\":[{\"@type\":\"ListItem\",\"position\":1,\"name\":\"In\u00edcio\",\"item\":\"https:\/\/coldbet.shop\/pt\/\"},{\"@type\":\"ListItem\",\"position\":2,\"name\":\"In\u00edcio\"}]},{\"@type\":\"WebSite\",\"@id\":\"https:\/\/coldbet.shop\/pt\/#website\",\"url\":\"https:\/\/coldbet.shop\/pt\/\",\"name\":\"Coldbet PT\",\"description\":\"\",\"potentialAction\":[{\"@type\":\"SearchAction\",\"target\":{\"@type\":\"EntryPoint\",\"urlTemplate\":\"https:\/\/coldbet.shop\/pt\/?s={search_term_string}\"},\"query-input\":{\"@type\":\"PropertyValueSpecification\",\"valueRequired\":true,\"valueName\":\"search_term_string\"}}],\"inLanguage\":\"pt-PT\"}]}<\/script>\n<!-- \/ Yoast SEO plugin. -->","yoast_head_json":{"title":"ColdBet Loja Online | Merch Estiloso","description":"ColdBet.shop \u2013 loja de roupas e merch exclusivos. Camisetas, moletons, longsleeves, sweatshirts e t\u00eanis com design \u00fanico. Fique no estilo com ColdBet.","robots":{"index":"index","follow":"follow","max-snippet":"max-snippet:-1","max-image-preview":"max-image-preview:large","max-video-preview":"max-video-preview:-1"},"canonical":"https:\/\/coldbet.shop\/pt\/","og_locale":"pt_PT","og_type":"article","og_title":"ColdBet Loja Online | Merch Estiloso","og_description":"ColdBet.shop \u2013 loja de roupas e merch exclusivos. Camisetas, moletons, longsleeves, sweatshirts e t\u00eanis com design \u00fanico. Fique no estilo com ColdBet.","og_url":"https:\/\/coldbet.shop\/pt\/","og_site_name":"Coldbet PT","article_modified_time":"2025-10-15T13:14:53+00:00","twitter_card":"summary_large_image","twitter_misc":{"Tempo estimado de leitura":"1 minuto"},"schema":{"@context":"https:\/\/schema.org","@graph":[{"@type":"WebPage","@id":"https:\/\/coldbet.shop\/pt\/","url":"https:\/\/coldbet.shop\/pt\/","name":"ColdBet Loja Online | Merch Estiloso","isPartOf":{"@id":"https:\/\/coldbet.shop\/pt\/#website"},"datePublished":"2022-10-25T13:42:43+00:00","dateModified":"2025-10-15T13:14:53+00:00","description":"ColdBet.shop \u2013 loja de roupas e merch exclusivos. Camisetas, moletons, longsleeves, sweatshirts e t\u00eanis com design \u00fanico. Fique no estilo com ColdBet.","breadcrumb":{"@id":"https:\/\/coldbet.shop\/pt\/#breadcrumb"},"inLanguage":"pt-PT","potentialAction":[{"@type":"ReadAction","target":["https:\/\/coldbet.shop\/pt\/"]}]},{"@type":"BreadcrumbList","@id":"https:\/\/coldbet.shop\/pt\/#breadcrumb","itemListElement":[{"@type":"ListItem","position":1,"name":"In\u00edcio","item":"https:\/\/coldbet.shop\/pt\/"},{"@type":"ListItem","position":2,"name":"In\u00edcio"}]},{"@type":"WebSite","@id":"https:\/\/coldbet.shop\/pt\/#website","url":"https:\/\/coldbet.shop\/pt\/","name":"Coldbet PT","description":"","potentialAction":[{"@type":"SearchAction","target":{"@type":"EntryPoint","urlTemplate":"https:\/\/coldbet.shop\/pt\/?s={search_term_string}"},"query-input":{"@type":"PropertyValueSpecification","valueRequired":true,"valueName":"search_term_string"}}],"inLanguage":"pt-PT"}]}},"_links":{"self":[{"href":"https:\/\/coldbet.shop\/pt\/wp-json\/wp\/v2\/pages\/2","targetHints":{"allow":["GET"]}}],"collection":[{"href":"https:\/\/coldbet.shop\/pt\/wp-json\/wp\/v2\/pages"}],"about":[{"href":"https:\/\/coldbet.shop\/pt\/wp-json\/wp\/v2\/types\/page"}],"author":[{"embeddable":true,"href":"https:\/\/coldbet.shop\/pt\/wp-json\/wp\/v2\/users\/1"}],"replies":[{"embeddable":true,"href":"https:\/\/coldbet.shop\/pt\/wp-json\/wp\/v2\/comments?post=2"}],"version-history":[{"count":84,"href":"https:\/\/coldbet.shop\/pt\/wp-json\/wp\/v2\/pages\/2\/revisions"}],"predecessor-version":[{"id":1242,"href":"https:\/\/coldbet.shop\/pt\/wp-json\/wp\/v2\/pages\/2\/revisions\/1242"}],"wp:attachment":[{"href":"https:\/\/coldbet.shop\/pt\/wp-json\/wp\/v2\/media?parent=2"}],"curies":[{"name":"wp","href":"https:\/\/api.w.org\/{rel}","templated":true}]}}